{"id":1085,"date":"2018-07-03T20:29:16","date_gmt":"2018-07-03T18:29:16","guid":{"rendered":"http:\/\/www.e-learnmedia.sk\/blog\/?page_id=1085"},"modified":"2023-09-20T15:20:37","modified_gmt":"2023-09-20T13:20:37","slug":"pravidla-pouzivania-cookies","status":"publish","type":"page","link":"https:\/\/www.e-learnmedia.sk\/blog\/pravidla-pouzivania-cookies\/","title":{"rendered":"Pravidl\u00e1 pou\u017e\u00edvania cookies"},"content":{"rendered":"<p>Na\u0161e webov\u00e9 str\u00e1nky, na ktor\u00fdch sa nach\u00e1dzate, spracov\u00e1vaj\u00fa tzv. cookies. Cookies m\u00f4\u017eu by\u0165 prepojen\u00e9 na osobn\u00e9 \u00fadaje, preto by sme v\u00e1s chceli informova\u0165, ako ich spracov\u00e1vame. Tieto pravidl\u00e1 boli vytvoren\u00e9 za \u00fa\u010delom vysvetlenia ochrany osobn\u00fdch \u00fadajov a posilnenia transparentnosti pri ich sprac\u00favan\u00ed s\u00a0\u00fa\u010dinnos\u0165ou od 25.5.2018. Ak by ste mali ak\u00e9ko\u013evek ot\u00e1zky s\u00a0t\u00fdm, ako spracov\u00e1vame osobn\u00e9 \u00fadaje, m\u00f4\u017eete n\u00e1s kontaktova\u0165 na adrese <a href=\"mailto:blog@e-learnmedia.sk\">blog@e-learnmedia.sk<\/a> alebo si pre\u010d\u00edta\u0165 na\u0161e <a href=\"http:\/\/www.e-learnmedia.sk\/blog\/pravidla-ochrany-osobnych-udajov\/\">Pravidl\u00e1 ochrany osobn\u00fdch \u00fadajov<\/a>.<\/p>\n<h2>Prev\u00e1dzkovate\u013e<\/h2>\n<p>Prev\u00e1dzkovate\u013e je subjekt, ktor\u00fd sprac\u00fava osobn\u00e9 \u00fadaje dotknutej osoby, \u010di\u017ee tie va\u0161e. Prev\u00e1dzkovate\u013eom je spolo\u010dnos\u0165 e-learnmedia, s.r.o., so s\u00eddlom Mlynsk\u00e9 nivy 1711\/71, 821 05 Bratislava, I\u010cO: 36 341 355, zap\u00edsan\u00e1 v Obchodnom registri Okresn\u00e9ho s\u00fadu Bratislava I, oddiel Sro, vlo\u017eka \u010d. 99890\/B.<\/p>\n<p><\/p>\n<h2>\u010co s\u00fa cookies?<\/h2>\n\n\n<script id=\"CookieDeclaration\" src=\"https:\/\/consent.cookiebot.com\/a20eb569-4afb-4838-9963-da55ffb931ac\/cd.js\" type=\"text\/javascript\" async><\/script>\n","protected":false},"excerpt":{"rendered":"<p>Na\u0161e webov\u00e9 str\u00e1nky, na ktor\u00fdch sa nach\u00e1dzate, spracov\u00e1vaj\u00fa tzv. cookies. Cookies m\u00f4\u017eu by\u0165 prepojen\u00e9 na osobn\u00e9 \u00fadaje, preto by sme v\u00e1s chceli informova\u0165, ako ich spracov\u00e1vame. Tieto pravidl\u00e1 boli vytvoren\u00e9&#8230;<\/p>\n","protected":false},"author":2,"featured_media":0,"parent":0,"menu_order":0,"comment_status":"closed","ping_status":"closed","template":"","meta":{"footnotes":""},"class_list":["post-1085","page","type-page","status-publish","hentry"],"yoast_head":"<!-- This site is optimized with the Yoast SEO plugin v24.6 - https:\/\/yoast.com\/wordpress\/plugins\/seo\/ -->\n<title>Pravidl\u00e1 pou\u017e\u00edvania cookies | e-learnmedia BLOG<\/title>\n<meta name=\"robots\" content=\"index, follow, max-snippet:-1, max-image-preview:large, max-video-preview:-1\" \/>\n<link rel=\"canonical\" href=\"https:\/\/www.e-learnmedia.sk\/blog\/pravidla-pouzivania-cookies\/\" \/>\n<meta property=\"og:locale\" content=\"sk_SK\" \/>\n<meta property=\"og:type\" content=\"article\" \/>\n<meta property=\"og:title\" content=\"Pravidl\u00e1 pou\u017e\u00edvania cookies | e-learnmedia BLOG\" \/>\n<meta property=\"og:description\" content=\"Na\u0161e webov\u00e9 str\u00e1nky, na ktor\u00fdch sa nach\u00e1dzate, spracov\u00e1vaj\u00fa tzv. cookies. Cookies m\u00f4\u017eu by\u0165 prepojen\u00e9 na osobn\u00e9 \u00fadaje, preto by sme v\u00e1s chceli informova\u0165, ako ich spracov\u00e1vame. Tieto pravidl\u00e1 boli vytvoren\u00e9...\" \/>\n<meta property=\"og:url\" content=\"https:\/\/www.e-learnmedia.sk\/blog\/pravidla-pouzivania-cookies\/\" \/>\n<meta property=\"og:site_name\" content=\"e-learnmedia BLOG\" \/>\n<meta property=\"article:publisher\" content=\"https:\/\/www.facebook.com\/elearnmedia\" \/>\n<meta property=\"article:modified_time\" content=\"2023-09-20T13:20:37+00:00\" \/>\n<meta name=\"twitter:card\" content=\"summary_large_image\" \/>\n<meta name=\"twitter:site\" content=\"@elearnmedia\" \/>\n<meta name=\"twitter:label1\" content=\"Predpokladan\u00fd \u010das \u010d\u00edtania\" \/>\n\t<meta name=\"twitter:data1\" content=\"1 min\u00fata\" \/>\n<script type=\"application\/ld+json\" class=\"yoast-schema-graph\">{\"@context\":\"https:\/\/schema.org\",\"@graph\":[{\"@type\":\"WebPage\",\"@id\":\"https:\/\/www.e-learnmedia.sk\/blog\/pravidla-pouzivania-cookies\/\",\"url\":\"https:\/\/www.e-learnmedia.sk\/blog\/pravidla-pouzivania-cookies\/\",\"name\":\"Pravidl\u00e1 pou\u017e\u00edvania cookies | e-learnmedia BLOG\",\"isPartOf\":{\"@id\":\"https:\/\/www.e-learnmedia.sk\/blog\/#website\"},\"datePublished\":\"2018-07-03T18:29:16+00:00\",\"dateModified\":\"2023-09-20T13:20:37+00:00\",\"breadcrumb\":{\"@id\":\"https:\/\/www.e-learnmedia.sk\/blog\/pravidla-pouzivania-cookies\/#breadcrumb\"},\"inLanguage\":\"sk-SK\",\"potentialAction\":[{\"@type\":\"ReadAction\",\"target\":[\"https:\/\/www.e-learnmedia.sk\/blog\/pravidla-pouzivania-cookies\/\"]}]},{\"@type\":\"BreadcrumbList\",\"@id\":\"https:\/\/www.e-learnmedia.sk\/blog\/pravidla-pouzivania-cookies\/#breadcrumb\",\"itemListElement\":[{\"@type\":\"ListItem\",\"position\":1,\"name\":\"Home\",\"item\":\"https:\/\/www.e-learnmedia.sk\/blog\/\"},{\"@type\":\"ListItem\",\"position\":2,\"name\":\"Pravidl\u00e1 pou\u017e\u00edvania cookies\"}]},{\"@type\":\"WebSite\",\"@id\":\"https:\/\/www.e-learnmedia.sk\/blog\/#website\",\"url\":\"https:\/\/www.e-learnmedia.sk\/blog\/\",\"name\":\"e-learnmedia BLOG\",\"description\":\"\",\"potentialAction\":[{\"@type\":\"SearchAction\",\"target\":{\"@type\":\"EntryPoint\",\"urlTemplate\":\"https:\/\/www.e-learnmedia.sk\/blog\/?s={search_term_string}\"},\"query-input\":{\"@type\":\"PropertyValueSpecification\",\"valueRequired\":true,\"valueName\":\"search_term_string\"}}],\"inLanguage\":\"sk-SK\"}]}<\/script>\n<!-- \/ Yoast SEO plugin. -->","yoast_head_json":{"title":"Pravidl\u00e1 pou\u017e\u00edvania cookies | e-learnmedia BLOG","robots":{"index":"index","follow":"follow","max-snippet":"max-snippet:-1","max-image-preview":"max-image-preview:large","max-video-preview":"max-video-preview:-1"},"canonical":"https:\/\/www.e-learnmedia.sk\/blog\/pravidla-pouzivania-cookies\/","og_locale":"sk_SK","og_type":"article","og_title":"Pravidl\u00e1 pou\u017e\u00edvania cookies | e-learnmedia BLOG","og_description":"Na\u0161e webov\u00e9 str\u00e1nky, na ktor\u00fdch sa nach\u00e1dzate, spracov\u00e1vaj\u00fa tzv. cookies. Cookies m\u00f4\u017eu by\u0165 prepojen\u00e9 na osobn\u00e9 \u00fadaje, preto by sme v\u00e1s chceli informova\u0165, ako ich spracov\u00e1vame. Tieto pravidl\u00e1 boli vytvoren\u00e9...","og_url":"https:\/\/www.e-learnmedia.sk\/blog\/pravidla-pouzivania-cookies\/","og_site_name":"e-learnmedia BLOG","article_publisher":"https:\/\/www.facebook.com\/elearnmedia","article_modified_time":"2023-09-20T13:20:37+00:00","twitter_card":"summary_large_image","twitter_site":"@elearnmedia","twitter_misc":{"Predpokladan\u00fd \u010das \u010d\u00edtania":"1 min\u00fata"},"schema":{"@context":"https:\/\/schema.org","@graph":[{"@type":"WebPage","@id":"https:\/\/www.e-learnmedia.sk\/blog\/pravidla-pouzivania-cookies\/","url":"https:\/\/www.e-learnmedia.sk\/blog\/pravidla-pouzivania-cookies\/","name":"Pravidl\u00e1 pou\u017e\u00edvania cookies | e-learnmedia BLOG","isPartOf":{"@id":"https:\/\/www.e-learnmedia.sk\/blog\/#website"},"datePublished":"2018-07-03T18:29:16+00:00","dateModified":"2023-09-20T13:20:37+00:00","breadcrumb":{"@id":"https:\/\/www.e-learnmedia.sk\/blog\/pravidla-pouzivania-cookies\/#breadcrumb"},"inLanguage":"sk-SK","potentialAction":[{"@type":"ReadAction","target":["https:\/\/www.e-learnmedia.sk\/blog\/pravidla-pouzivania-cookies\/"]}]},{"@type":"BreadcrumbList","@id":"https:\/\/www.e-learnmedia.sk\/blog\/pravidla-pouzivania-cookies\/#breadcrumb","itemListElement":[{"@type":"ListItem","position":1,"name":"Home","item":"https:\/\/www.e-learnmedia.sk\/blog\/"},{"@type":"ListItem","position":2,"name":"Pravidl\u00e1 pou\u017e\u00edvania cookies"}]},{"@type":"WebSite","@id":"https:\/\/www.e-learnmedia.sk\/blog\/#website","url":"https:\/\/www.e-learnmedia.sk\/blog\/","name":"e-learnmedia BLOG","description":"","potentialAction":[{"@type":"SearchAction","target":{"@type":"EntryPoint","urlTemplate":"https:\/\/www.e-learnmedia.sk\/blog\/?s={search_term_string}"},"query-input":{"@type":"PropertyValueSpecification","valueRequired":true,"valueName":"search_term_string"}}],"inLanguage":"sk-SK"}]}},"_links":{"self":[{"href":"https:\/\/www.e-learnmedia.sk\/blog\/wp-json\/wp\/v2\/pages\/1085","targetHints":{"allow":["GET"]}}],"collection":[{"href":"https:\/\/www.e-learnmedia.sk\/blog\/wp-json\/wp\/v2\/pages"}],"about":[{"href":"https:\/\/www.e-learnmedia.sk\/blog\/wp-json\/wp\/v2\/types\/page"}],"author":[{"embeddable":true,"href":"https:\/\/www.e-learnmedia.sk\/blog\/wp-json\/wp\/v2\/users\/2"}],"replies":[{"embeddable":true,"href":"https:\/\/www.e-learnmedia.sk\/blog\/wp-json\/wp\/v2\/comments?post=1085"}],"version-history":[{"count":6,"href":"https:\/\/www.e-learnmedia.sk\/blog\/wp-json\/wp\/v2\/pages\/1085\/revisions"}],"predecessor-version":[{"id":1923,"href":"https:\/\/www.e-learnmedia.sk\/blog\/wp-json\/wp\/v2\/pages\/1085\/revisions\/1923"}],"wp:attachment":[{"href":"https:\/\/www.e-learnmedia.sk\/blog\/wp-json\/wp\/v2\/media?parent=1085"}],"curies":[{"name":"wp","href":"https:\/\/api.w.org\/{rel}","templated":true}]}}