{"id":1074,"date":"2018-07-03T18:13:14","date_gmt":"2018-07-03T16:13:14","guid":{"rendered":"http:\/\/www.e-learnmedia.sk\/blog\/?page_id=1074"},"modified":"2021-06-02T01:09:11","modified_gmt":"2021-06-01T23:09:11","slug":"pravidla-ochrany-osobnych-udajov","status":"publish","type":"page","link":"https:\/\/www.e-learnmedia.sk\/blog\/pravidla-ochrany-osobnych-udajov\/","title":{"rendered":"Pravidl\u00e1 ochrany osobn\u00fdch \u00fadajov"},"content":{"rendered":"<h1>Pravidl\u00e1 ochrany osobn\u00fdch \u00fadajov<\/h1>\n<p>Na\u0161e webov\u00e9 str\u00e1nky, na ktor\u00fdch sa nach\u00e1dzate, spracov\u00e1vaj\u00fa osobn\u00e9 \u00fadaje. Tieto pravidl\u00e1 boli vytvoren\u00e9 za \u00fa\u010delom vysvetlenia ochrany osobn\u00fdch \u00fadajov a posilnenia transparentnosti pri ich sprac\u00favan\u00ed s\u00a0\u00fa\u010dinnos\u0165ou od 25.5.2018. Ak by ste mali ak\u00e9ko\u013evek ot\u00e1zky s\u00a0t\u00fdm, ako spracov\u00e1vame osobn\u00e9 \u00fadaje, m\u00f4\u017eete n\u00e1s kontaktova\u0165 na adrese <a href=\"mailto:blog@e-learnmedia.sk\">blog@e-learnmedia.sk<\/a> alebo si pre\u010d\u00edta\u0165 na\u0161e Pravidl\u00e1 ochrany osobn\u00fdch \u00fadajov zobrazen\u00e9 na tejto str\u00e1nke.<\/p>\n<h2>Prev\u00e1dzkovate\u013e<\/h2>\n<p>Prev\u00e1dzkovate\u013e je subjekt, ktor\u00fd sprac\u00fava osobn\u00e9 \u00fadaje dotknutej osoby, \u010di\u017ee tie va\u0161e. Prev\u00e1dzkovate\u013eom je spolo\u010dnos\u0165 e-learnmedia, s.r.o., so s\u00eddlom Mlynsk\u00e9 nivy 1711\/71, 821 05 Bratislava, I\u010cO: 36 341 355, zap\u00edsan\u00e1 v Obchodnom registri Okresn\u00e9ho s\u00fadu Bratislava I, oddiel Sro, vlo\u017eka \u010d. 99890\/B.<\/p>\n<h2>Ak\u00e9 osobn\u00e9 \u00fadaje spracov\u00e1vame, doba spracov\u00e1vania,\u00a0\u00fa\u010del a\u00a0pr\u00e1vny z\u00e1klad ich spracov\u00e1vania<\/h2>\n<p>Na na\u0161ich str\u00e1nkach spracov\u00e1vame nasleduj\u00face osobn\u00e9 \u00fadaje:<\/p>\n<ol>\n<li>Pri komentovan\u00ed \u010dl\u00e1nkov blogu spracov\u00e1vame va\u0161e \u00fadaje v rozsahu meno (pseudonym), e-mail a IP adresa, pri\u010dom meno (psudonym) je jedin\u00fdm verejne vidite\u013en\u00fdm \u00fadajom. Va\u0161e \u00fadaje spracov\u00e1vame za \u00fa\u010delom dodr\u017eiavania pravidiel slu\u0161nej diskusie a zamedzenie poru\u0161ovania z\u00e1konov SR po\u010das celej doby existencie v\u00e1\u0161ho pr\u00edspevku v koment\u00e1roch. Pr\u00e1vnym z\u00e1kladom na spracov\u00e1vanie \u00fadajov je n\u00e1\u0161 opr\u00e1vnen\u00fd z\u00e1ujem. \u017diadne z t\u00fdchto va\u0161ich \u00fadaje nespr\u00edstup\u0148ujeme tretej strane.<\/li>\n<li>Po prihl\u00e1sen\u00ed na odber nov\u00fdch \u010dl\u00e1nkov blogu spolo\u010dnosti e-learnedia, s.r.o. vyplnen\u00edm a odoslan\u00edm prihlasovacieho formul\u00e1ra na odber \u010dl\u00e1nkov n\u00e1m d\u00e1vate s\u00fahlas na spracovanie osobn\u00fdch \u00fadajov v\u00a0rozsahu e-mailov\u00e1 adresa. Tieto osobn\u00e9 \u00fadaje spracov\u00e1vame za \u00fa\u010delom odosielania nov\u00fdch \u010dl\u00e1nkov. Pr\u00e1vnym z\u00e1kladom pre spracovanie t\u00fdchto \u00fadajov je v\u00e1\u0161 s\u00fahlas, ktor\u00fd n\u00e1m ude\u013eujete na dobu 3 rokov. Pre odosielanie nov\u00fdch \u010dl\u00e1nkov blogu vyu\u017e\u00edvame slu\u017ebu MailChimp spolo\u010dnosti The Rocket Science Group, LLC. Ak chcete vedie\u0165 viac o tom, ako spolo\u010dnos\u0165 The Rocket Science Group, LLC pristupuje k ochrane osobn\u00fdch \u00fadajov, pre\u010d\u00edtajte si Pravidl\u00e1 ochrany osobn\u00fdch \u00fadajov tejto spolo\u010dnosti na str\u00e1nke: <a href=\"https:\/\/mailchimp.com\/legal\/privacy\">https:\/\/mailchimp.com\/legal\/privacy<\/a>.<\/li>\n<li>Zaznamen\u00e1vame inform\u00e1cie o zariadeniach, prostredn\u00edctvom ktor\u00fdch ste vyu\u017eili slu\u017eby na\u0161ej spolo\u010dnosti (vr\u00e1tane v\u00fdrobcu, modelu a opera\u010dn\u00e9ho syst\u00e9mu, IP adresy, typu prehliada\u010da a identifik\u00e1torov mobiln\u00e9ho zariadenia, d\u00e1tumu a \u010dasu v\u00e1\u0161ho pr\u00edstupu, adresy webovej str\u00e1nky, z ktorej ste boli presmerovan\u00fd\/\u00e1 na na\u0161u webov\u00fa str\u00e1nku, in\u00fdch \u00fadajov pren\u00e1\u0161an\u00fdch cez \u0161tandardn\u00e9 HTTP(s) protokoly, \u00fadaje pou\u017eit\u00e9 na online rel\u00e1ciu po prihl\u00e1sen\u00ed) pou\u017e\u00edvame na \u0161tatistick\u00e9 \u00fa\u010dely, ktor\u00e9 n\u00e1m umo\u017e\u0148uj\u00fa vylep\u0161ova\u0165 pre v\u00e1s na\u0161e str\u00e1nky. Na anal\u00fdzu pou\u017e\u00edvania na\u0161ich webov\u00fdch str\u00e1nok pou\u017e\u00edvame slu\u017ebu Google Analytics. Pr\u00e1vnym z\u00e1kladom pre spracovanie t\u00fdchto cookies je n\u00e1\u0161 opr\u00e1vnen\u00fd z\u00e1ujem. Ak chcete vedie\u0165 viac o tom, ako spolo\u010dnos\u0165 Google pristupuje k ochrane osobn\u00fdch \u00fadajov, pre\u010d\u00edtajte si Pravidl\u00e1 ochrany osobn\u00fdch \u00fadajov spolo\u010dnosti Google na str\u00e1nke: <a href=\"https:\/\/policies.google.com\/privacy?hl=sk\">https:\/\/policies.google.com\/privacy?hl=sk<\/a>.<\/li>\n<li>Ak sa rozhodnete dost\u00e1va\u0165 inform\u00e1cie z\u00a0oblasti digit\u00e1lneho vzdel\u00e1vania o podujatiach spolo\u010dnosti e-learnmedia, s.r.o., vyplnen\u00edm a odoslan\u00edm prihlasovacieho formul\u00e1ra na odber noviniek n\u00e1m d\u00e1vate s\u00fahlas na spracovanie osobn\u00fdch \u00fadajov v\u00a0rozsahu meno, priezvisko a\u00a0e-mail. Tieto osobn\u00e9 \u00fadaje spracov\u00e1vame za \u00fa\u010delom odosielania newslettera (noviniek prostredn\u00edctvom e-mailu) spolo\u010dnosti e-learnmedia, s.r.o. v\u00a0rozsahu pribli\u017ene 1-4 e-mailov\u00e9 spr\u00e1vy mesa\u010dne. Pr\u00e1vnym z\u00e1kladom pre spracovanie t\u00fdchto \u00fadajov je v\u00e1\u0161 s\u00fahlas, ktor\u00fd n\u00e1m ude\u013eujete po dobu trvania \u00fa\u010delu spracovania. Z odberu noviniek sa m\u00f4\u017eete kedyko\u013evek odhl\u00e1si\u0165 prostredn\u00edctvom odkazu v p\u00e4ti\u010dke ka\u017ed\u00e9ho e-mailu s novinkami, alebo n\u00e1s kontaktujte prostredn\u00edctvom e-mailu: <a href=\"mailto:info@e-learnmedia.sk\">info@e-learnmedia.sk<\/a>. Va\u0161e rozhodnutie budeme re\u0161pektova\u0165. Pre odosielanie noviniek vyu\u017e\u00edvame slu\u017ebu MailChimp spolo\u010dnosti The Rocket Science Group, LLC. Ak chcete vedie\u0165 viac o tom, ako spolo\u010dnos\u0165 The Rocket Science Group, LLC pristupuje k ochrane osobn\u00fdch \u00fadajov, pre\u010d\u00edtajte si Pravidl\u00e1 ochrany osobn\u00fdch \u00fadajov tejto spolo\u010dnosti na str\u00e1nke: <a href=\"https:\/\/mailchimp.com\/legal\/privacy\">https:\/\/mailchimp.com\/legal\/privacy<\/a>.<\/li>\n<li>Na\u0161e str\u00e1nky vyu\u017e\u00edvaj\u00fa tzv. s\u00fabory Cookies. Ako spracov\u00e1vame Cookies sa do\u010d\u00edtate v\u00a0<a href=\"http:\/\/www.e-learnmedia.sk\/blog\/pravidla-pouzivania-cookies\/\">Pravidl\u00e1ch pou\u017e\u00edvania Cookies<\/a>.<\/li>\n<\/ol>\n<p>Po\u010das doby spracov\u00e1vania va\u0161ich osobn\u00fdch \u00fadajov je na\u0161ou povinnos\u0165ou tieto \u00fadaje aktualizova\u0165. Ak uplynie doba spracov\u00e1vania a\u00a0neudel\u00edte n\u00e1m s\u00fahlas na \u010fal\u0161ie spracovanie, va\u0161e osobn\u00e9 \u00fadaje \u010falej nebudeme spracov\u00e1va\u0165.<\/p>\n<h2>Pr\u00edjemcovia osobn\u00fdch \u00fadajov<\/h2>\n<p>Osobn\u00e9 \u00fadaje spracov\u00e1vame predov\u0161etk\u00fdm na vlastn\u00e9 \u00fa\u010dely. Okrem toho m\u00f4\u017eeme poskytn\u00fa\u0165 va\u0161e osobn\u00e9 \u00fadaje na\u0161im obchodn\u00fdm partnerom, prostredn\u00edctvom ktor\u00fdch Va\u0161e osobn\u00e9 \u00fadaje sprac\u00favame. Ide o d\u00f4veryhodn\u00e9 osoby (tzv. pr\u00edjemcovia a sprostredkovatelia), ktor\u00e9 pre n\u00e1s zabezpe\u010duj\u00fa v\u00fdvoj, \u00fadr\u017ebu a prev\u00e1dzkovanie softv\u00e9rov\u00fdch rie\u0161en\u00ed a in\u00fdch slu\u017eieb, prostredn\u00edctvom ktor\u00fdch va\u0161e osobn\u00e9 \u00fadaje sprac\u00favame.<\/p>\n<p>Spracovate\u013emi osobn\u00fdch \u00fadajov preto s\u00fa:<\/p>\n<ol>\n<li>Analytick\u00e9 a\u00a0remarketingov\u00e9 slu\u017eby: Google Ireland Limited, Gordon House, Barrow Street, Dublin 4, \u00cdrsko<\/li>\n<li>Spr\u00e1va newsletterov: The Rocket Science Group LLC, 675 Ponce De Leon Ave NE, Suite 5000, Atlanta, Georgia 30308, Spojen\u00e9 \u0161t\u00e1ty americk\u00e9<\/li>\n<\/ol>\n<h2>Prenos osobn\u00fdch \u00fadajov do tret\u00edch kraj\u00edn<\/h2>\n<p>Va\u0161e osobn\u00e9 \u00fadaje sprac\u00favame predov\u0161etk\u00fdm v r\u00e1mci Eur\u00f3pskej \u00fanie a Eur\u00f3pskeho hospod\u00e1rskeho priestoru. V\u00a0pr\u00edpade ich sprac\u00favania prostredn\u00edctvom slu\u017eby MailChimp s\u00fa osobn\u00e9 \u00fadaje s\u00fa pren\u00e1\u0161an\u00e9 aj do Spojen\u00fdch \u0161t\u00e1tov americk\u00fdch pri\u010dom Spojen\u00e9 \u0161t\u00e1ty americk\u00e9 maj\u00fa postavenie tretej krajiny, ktor\u00e1 nezabezpe\u010duje primeran\u00fa \u00farove\u0148 ochrany osobn\u00fdch \u00fadajov. V t\u00fdchto pr\u00edpadoch s\u00fa v\u0161ak cezhrani\u010dn\u00e9 prenosy a sprac\u00favanie va\u0161ich osobn\u00fdch \u00fadajov zabezpe\u010den\u00e9 certifika\u010dn\u00fdm syst\u00e9mom Privacy Shield, ktor\u00fd vytvorili americk\u00e9 Ministerstvo obchodu, Eur\u00f3pska komisia a \u0161vaj\u010diarska vl\u00e1da tak, aby mali subjekty z Eur\u00f3pskeho hospod\u00e1rskeho priestoru a Spojen\u00fdch \u0161t\u00e1tov americk\u00fdch prostriedky na splnenie po\u017eiadaviek na ochranu osobn\u00fdch \u00fadajov pri ich prenose z \u010dlensk\u00e9ho \u0161t\u00e1tu Eur\u00f3pskeho hospod\u00e1rskeho priestoru do Spojen\u00fdch \u0161t\u00e1tov americk\u00fdch a za \u00fa\u010delom podpory transatlantick\u00e9ho obchodu. Tento syst\u00e9m pod\u013ea rozhodnutia Eur\u00f3pskej komisie zabezpe\u010duje primeran\u00fa ochranu osobn\u00fdch \u00fadajov. Bli\u017e\u0161ie inform\u00e1cie o tomto syst\u00e9me sa m\u00f4\u017eete dozvedie\u0165 na jeho webovej str\u00e1nke <a href=\"https:\/\/www.privacyshield.gov\/welcome\">https:\/\/www.privacyshield.gov\/welcome<\/a>.<\/p>\n<p>Prev\u00e1dzkovate\u013e slu\u017eieb MailChimp okrem toho aktualizoval svoje obchodn\u00e9 podmienky a zmluvy tak, aby zabezpe\u010dil ochranu sprac\u00favan\u00fdch a pren\u00e1\u0161an\u00fdch osobn\u00fdch \u00fadajov v s\u00falade s eur\u00f3pskymi predpismi.<\/p>\n<h2>Ak\u00e9 s\u00fa va\u0161e pr\u00e1va?<\/h2>\n<p>V\u00a0s\u00favislosti s\u00a0ochranou osobn\u00fdch \u00fadajov a\u00a0spracov\u00e1van\u00edm va\u0161ich \u00fadajov m\u00e1te pr\u00e1vo:<\/p>\n<ol>\n<li>po\u017eadova\u0165 pr\u00edstup k\u00a0va\u0161im osobn\u00fdm \u00fadajom, ktor\u00e9 spracov\u00e1vame,<\/li>\n<li>po\u017eiada\u0165 o opravu, vymazanie, alebo obmedzenie sprac\u00favania osobn\u00fdch \u00fadajov,<\/li>\n<li>namieta\u0165 proti sprac\u00favaniu osobn\u00fdch \u00fadajov,<\/li>\n<li>na prenos osobn\u00fdch \u00fadajov,<\/li>\n<li>poda\u0165 s\u0165a\u017enos\u0165 alebo n\u00e1vrh na za\u010datie konania dozorn\u00e9mu org\u00e1nu, ktor\u00fdm je \u00darad pre ochranu osobn\u00fdch \u00fadajov,<\/li>\n<li>kedyko\u013evek odvola\u0165 s\u00fahlas so spracovan\u00edm osobn\u00fdch \u00fadajov,<\/li>\n<\/ol>\n<p>V pr\u00edpade ak nem\u00e1te sp\u00f4sobilos\u0165 na v\u00fdkon pr\u00e1vnych \u00fakonov, va\u0161e pr\u00e1va m\u00f4\u017ee zastupova\u0165 z\u00e1konn\u00fd z\u00e1stupca.<\/p>\n<h2>Sp\u00f4sob uplatnenia pr\u00e1v<\/h2>\n<p>V\u00a0pr\u00edpade uplatnenia va\u0161ich pr\u00e1v je potrebn\u00e9 n\u00e1s kontaktova\u0165 p\u00edsomne na adrese:<\/p>\n<ul>\n<li>e-learnmedia, s.r.o., Mlynsk\u00e9 nivy 1711\/71, 821 05 Bratislava<\/li>\n<\/ul>\n<p>alebo e-mailom na e-mailovej adrese:<\/p>\n<ul>\n<li>blog@e-learnmedia.sk<\/li>\n<\/ul>\n<p>Va\u0161u \u017eiados\u0165 vybav\u00edme bezplatne, okrem \u00fahrady vo v\u00fd\u0161ke, ktor\u00e1 nem\u00f4\u017ee prekro\u010di\u0165 v\u00fd\u0161ku \u00fa\u010delne vynalo\u017een\u00fdch vecn\u00fdch n\u00e1kladov spojen\u00fdch so zhotoven\u00edm k\u00f3pi\u00ed, so zadov\u00e1\u017een\u00edm technick\u00fdch nosi\u010dov a s odoslan\u00edm inform\u00e1cie, ak osobitn\u00fd z\u00e1kon neustanovuje inak. Budeme sa pri tom riadi\u0165 z\u00e1konom o\u00a0Ochrane osobn\u00fdch \u00fadajov 18\/2018 Zbierky z\u00e1konov.<\/p>\n<p>Va\u0161u \u017eiados\u0165 vybav\u00edme do 30 dn\u00ed odo d\u0148a doru\u010denia va\u0161ej \u017eiadosti.<\/p>\n","protected":false},"excerpt":{"rendered":"<p>Pravidl\u00e1 ochrany osobn\u00fdch \u00fadajov Na\u0161e webov\u00e9 str\u00e1nky, na ktor\u00fdch sa nach\u00e1dzate, spracov\u00e1vaj\u00fa osobn\u00e9 \u00fadaje. Tieto pravidl\u00e1 boli vytvoren\u00e9 za \u00fa\u010delom vysvetlenia ochrany osobn\u00fdch \u00fadajov a posilnenia transparentnosti pri ich sprac\u00favan\u00ed&#8230;<\/p>\n","protected":false},"author":2,"featured_media":0,"parent":0,"menu_order":0,"comment_status":"closed","ping_status":"closed","template":"","meta":{"footnotes":""},"class_list":["post-1074","page","type-page","status-publish","hentry"],"yoast_head":"<!-- This site is optimized with the Yoast SEO plugin v24.6 - https:\/\/yoast.com\/wordpress\/plugins\/seo\/ -->\n<title>Pravidl\u00e1 ochrany osobn\u00fdch \u00fadajov | e-learnmedia BLOG<\/title>\n<meta name=\"robots\" content=\"index, follow, max-snippet:-1, max-image-preview:large, max-video-preview:-1\" \/>\n<link rel=\"canonical\" href=\"https:\/\/www.e-learnmedia.sk\/blog\/pravidla-ochrany-osobnych-udajov\/\" \/>\n<meta property=\"og:locale\" content=\"sk_SK\" \/>\n<meta property=\"og:type\" content=\"article\" \/>\n<meta property=\"og:title\" content=\"Pravidl\u00e1 ochrany osobn\u00fdch \u00fadajov | e-learnmedia BLOG\" \/>\n<meta property=\"og:description\" content=\"Pravidl\u00e1 ochrany osobn\u00fdch \u00fadajov Na\u0161e webov\u00e9 str\u00e1nky, na ktor\u00fdch sa nach\u00e1dzate, spracov\u00e1vaj\u00fa osobn\u00e9 \u00fadaje. Tieto pravidl\u00e1 boli vytvoren\u00e9 za \u00fa\u010delom vysvetlenia ochrany osobn\u00fdch \u00fadajov a posilnenia transparentnosti pri ich sprac\u00favan\u00ed...\" \/>\n<meta property=\"og:url\" content=\"https:\/\/www.e-learnmedia.sk\/blog\/pravidla-ochrany-osobnych-udajov\/\" \/>\n<meta property=\"og:site_name\" content=\"e-learnmedia BLOG\" \/>\n<meta property=\"article:publisher\" content=\"https:\/\/www.facebook.com\/elearnmedia\" \/>\n<meta property=\"article:modified_time\" content=\"2021-06-01T23:09:11+00:00\" \/>\n<meta name=\"twitter:card\" content=\"summary_large_image\" \/>\n<meta name=\"twitter:site\" content=\"@elearnmedia\" \/>\n<meta name=\"twitter:label1\" content=\"Predpokladan\u00fd \u010das \u010d\u00edtania\" \/>\n\t<meta name=\"twitter:data1\" content=\"7 min\u00fat\" \/>\n<script type=\"application\/ld+json\" class=\"yoast-schema-graph\">{\"@context\":\"https:\/\/schema.org\",\"@graph\":[{\"@type\":\"WebPage\",\"@id\":\"https:\/\/www.e-learnmedia.sk\/blog\/pravidla-ochrany-osobnych-udajov\/\",\"url\":\"https:\/\/www.e-learnmedia.sk\/blog\/pravidla-ochrany-osobnych-udajov\/\",\"name\":\"Pravidl\u00e1 ochrany osobn\u00fdch \u00fadajov | e-learnmedia BLOG\",\"isPartOf\":{\"@id\":\"https:\/\/www.e-learnmedia.sk\/blog\/#website\"},\"datePublished\":\"2018-07-03T16:13:14+00:00\",\"dateModified\":\"2021-06-01T23:09:11+00:00\",\"breadcrumb\":{\"@id\":\"https:\/\/www.e-learnmedia.sk\/blog\/pravidla-ochrany-osobnych-udajov\/#breadcrumb\"},\"inLanguage\":\"sk-SK\",\"potentialAction\":[{\"@type\":\"ReadAction\",\"target\":[\"https:\/\/www.e-learnmedia.sk\/blog\/pravidla-ochrany-osobnych-udajov\/\"]}]},{\"@type\":\"BreadcrumbList\",\"@id\":\"https:\/\/www.e-learnmedia.sk\/blog\/pravidla-ochrany-osobnych-udajov\/#breadcrumb\",\"itemListElement\":[{\"@type\":\"ListItem\",\"position\":1,\"name\":\"Home\",\"item\":\"https:\/\/www.e-learnmedia.sk\/blog\/\"},{\"@type\":\"ListItem\",\"position\":2,\"name\":\"Pravidl\u00e1 ochrany osobn\u00fdch \u00fadajov\"}]},{\"@type\":\"WebSite\",\"@id\":\"https:\/\/www.e-learnmedia.sk\/blog\/#website\",\"url\":\"https:\/\/www.e-learnmedia.sk\/blog\/\",\"name\":\"e-learnmedia BLOG\",\"description\":\"\",\"potentialAction\":[{\"@type\":\"SearchAction\",\"target\":{\"@type\":\"EntryPoint\",\"urlTemplate\":\"https:\/\/www.e-learnmedia.sk\/blog\/?s={search_term_string}\"},\"query-input\":{\"@type\":\"PropertyValueSpecification\",\"valueRequired\":true,\"valueName\":\"search_term_string\"}}],\"inLanguage\":\"sk-SK\"}]}<\/script>\n<!-- \/ Yoast SEO plugin. -->","yoast_head_json":{"title":"Pravidl\u00e1 ochrany osobn\u00fdch \u00fadajov | e-learnmedia BLOG","robots":{"index":"index","follow":"follow","max-snippet":"max-snippet:-1","max-image-preview":"max-image-preview:large","max-video-preview":"max-video-preview:-1"},"canonical":"https:\/\/www.e-learnmedia.sk\/blog\/pravidla-ochrany-osobnych-udajov\/","og_locale":"sk_SK","og_type":"article","og_title":"Pravidl\u00e1 ochrany osobn\u00fdch \u00fadajov | e-learnmedia BLOG","og_description":"Pravidl\u00e1 ochrany osobn\u00fdch \u00fadajov Na\u0161e webov\u00e9 str\u00e1nky, na ktor\u00fdch sa nach\u00e1dzate, spracov\u00e1vaj\u00fa osobn\u00e9 \u00fadaje. Tieto pravidl\u00e1 boli vytvoren\u00e9 za \u00fa\u010delom vysvetlenia ochrany osobn\u00fdch \u00fadajov a posilnenia transparentnosti pri ich sprac\u00favan\u00ed...","og_url":"https:\/\/www.e-learnmedia.sk\/blog\/pravidla-ochrany-osobnych-udajov\/","og_site_name":"e-learnmedia BLOG","article_publisher":"https:\/\/www.facebook.com\/elearnmedia","article_modified_time":"2021-06-01T23:09:11+00:00","twitter_card":"summary_large_image","twitter_site":"@elearnmedia","twitter_misc":{"Predpokladan\u00fd \u010das \u010d\u00edtania":"7 min\u00fat"},"schema":{"@context":"https:\/\/schema.org","@graph":[{"@type":"WebPage","@id":"https:\/\/www.e-learnmedia.sk\/blog\/pravidla-ochrany-osobnych-udajov\/","url":"https:\/\/www.e-learnmedia.sk\/blog\/pravidla-ochrany-osobnych-udajov\/","name":"Pravidl\u00e1 ochrany osobn\u00fdch \u00fadajov | e-learnmedia BLOG","isPartOf":{"@id":"https:\/\/www.e-learnmedia.sk\/blog\/#website"},"datePublished":"2018-07-03T16:13:14+00:00","dateModified":"2021-06-01T23:09:11+00:00","breadcrumb":{"@id":"https:\/\/www.e-learnmedia.sk\/blog\/pravidla-ochrany-osobnych-udajov\/#breadcrumb"},"inLanguage":"sk-SK","potentialAction":[{"@type":"ReadAction","target":["https:\/\/www.e-learnmedia.sk\/blog\/pravidla-ochrany-osobnych-udajov\/"]}]},{"@type":"BreadcrumbList","@id":"https:\/\/www.e-learnmedia.sk\/blog\/pravidla-ochrany-osobnych-udajov\/#breadcrumb","itemListElement":[{"@type":"ListItem","position":1,"name":"Home","item":"https:\/\/www.e-learnmedia.sk\/blog\/"},{"@type":"ListItem","position":2,"name":"Pravidl\u00e1 ochrany osobn\u00fdch \u00fadajov"}]},{"@type":"WebSite","@id":"https:\/\/www.e-learnmedia.sk\/blog\/#website","url":"https:\/\/www.e-learnmedia.sk\/blog\/","name":"e-learnmedia BLOG","description":"","potentialAction":[{"@type":"SearchAction","target":{"@type":"EntryPoint","urlTemplate":"https:\/\/www.e-learnmedia.sk\/blog\/?s={search_term_string}"},"query-input":{"@type":"PropertyValueSpecification","valueRequired":true,"valueName":"search_term_string"}}],"inLanguage":"sk-SK"}]}},"_links":{"self":[{"href":"https:\/\/www.e-learnmedia.sk\/blog\/wp-json\/wp\/v2\/pages\/1074","targetHints":{"allow":["GET"]}}],"collection":[{"href":"https:\/\/www.e-learnmedia.sk\/blog\/wp-json\/wp\/v2\/pages"}],"about":[{"href":"https:\/\/www.e-learnmedia.sk\/blog\/wp-json\/wp\/v2\/types\/page"}],"author":[{"embeddable":true,"href":"https:\/\/www.e-learnmedia.sk\/blog\/wp-json\/wp\/v2\/users\/2"}],"replies":[{"embeddable":true,"href":"https:\/\/www.e-learnmedia.sk\/blog\/wp-json\/wp\/v2\/comments?post=1074"}],"version-history":[{"count":8,"href":"https:\/\/www.e-learnmedia.sk\/blog\/wp-json\/wp\/v2\/pages\/1074\/revisions"}],"predecessor-version":[{"id":1745,"href":"https:\/\/www.e-learnmedia.sk\/blog\/wp-json\/wp\/v2\/pages\/1074\/revisions\/1745"}],"wp:attachment":[{"href":"https:\/\/www.e-learnmedia.sk\/blog\/wp-json\/wp\/v2\/media?parent=1074"}],"curies":[{"name":"wp","href":"https:\/\/api.w.org\/{rel}","templated":true}]}}